{"id":284,"date":"2025-08-26T08:36:11","date_gmt":"2025-08-26T08:36:11","guid":{"rendered":"https:\/\/miniacboxingclub.fr\/?page_id=284"},"modified":"2025-08-26T20:22:42","modified_gmt":"2025-08-26T20:22:42","slug":"partenaires","status":"publish","type":"page","link":"https:\/\/miniacboxingclub.fr\/index.php\/partenaires\/","title":{"rendered":"Partenaires"},"content":{"rendered":"\t\t<div data-elementor-type=\"wp-page\" data-elementor-id=\"284\" class=\"elementor elementor-284\" data-elementor-settings=\"{&quot;ha_cmc_init_switcher&quot;:&quot;no&quot;}\">\n\t\t\t\t<div class=\"elementor-element elementor-element-4a55d8b e-flex e-con-boxed wpr-particle-no wpr-jarallax-no wpr-parallax-no wpr-sticky-section-no e-con e-parent\" data-id=\"4a55d8b\" data-element_type=\"container\" data-settings=\"{&quot;_ha_eqh_enable&quot;:false}\">\n\t\t\t\t\t<div class=\"e-con-inner\">\n\t\t<div class=\"elementor-element elementor-element-4691d54 e-con-full e-flex wpr-particle-no wpr-jarallax-no wpr-parallax-no wpr-sticky-section-no e-con e-child\" data-id=\"4691d54\" data-element_type=\"container\" data-settings=\"{&quot;_ha_eqh_enable&quot;:false}\">\n\t\t<div class=\"elementor-element elementor-element-55e2842 e-con-full e-flex wpr-particle-no wpr-jarallax-no wpr-parallax-no wpr-sticky-section-no e-con e-child\" data-id=\"55e2842\" data-element_type=\"container\" data-settings=\"{&quot;background_background&quot;:&quot;slideshow&quot;,&quot;background_slideshow_gallery&quot;:[{&quot;id&quot;:170,&quot;url&quot;:&quot;https:\\\/\\\/miniacboxingclub.fr\\\/wp-content\\\/uploads\\\/2025\\\/08\\\/Logo-bd-1.jpg&quot;}],&quot;background_slideshow_loop&quot;:&quot;yes&quot;,&quot;background_slideshow_slide_duration&quot;:5000,&quot;background_slideshow_slide_transition&quot;:&quot;fade&quot;,&quot;background_slideshow_transition_duration&quot;:500,&quot;_ha_eqh_enable&quot;:false}\">\n\t\t\t\t<div class=\"elementor-element elementor-element-62ad8f5 elementor-widget elementor-widget-ha-navigation-menu happy-addon ha-navigation-menu\" data-id=\"62ad8f5\" data-element_type=\"widget\" data-widget_type=\"ha-navigation-menu.default\">\n\t\t\t\t\t<nav class=\"ha-nav-menu ha-navigation-menu-wrapper\"><div class=\"menu-primary-container\">\t\t\t\t<div class=\"ha-nav-humberger-wrapper\">\n\t\t\t\t\t<span class=\"ha-menu-open-icon ha-menu-toggler\" data-humberger=\"open\"><svg aria-hidden=\"true\" class=\"e-font-icon-svg e-fas-bars\" viewBox=\"0 0 448 512\" xmlns=\"http:\/\/www.w3.org\/2000\/svg\"><path d=\"M16 132h416c8.837 0 16-7.163 16-16V76c0-8.837-7.163-16-16-16H16C7.163 60 0 67.163 0 76v40c0 8.837 7.163 16 16 16zm0 160h416c8.837 0 16-7.163 16-16v-40c0-8.837-7.163-16-16-16H16c-8.837 0-16 7.163-16 16v40c0 8.837 7.163 16 16 16zm0 160h416c8.837 0 16-7.163 16-16v-40c0-8.837-7.163-16-16-16H16c-8.837 0-16 7.163-16 16v40c0 8.837 7.163 16 16 16z\"><\/path><\/svg><\/span>\n\t\t\t\t\t<span class=\"ha-menu-close-icon ha-menu-toggler hide-icon\" data-humberger=\"close\"><svg aria-hidden=\"true\" class=\"e-font-icon-svg e-far-window-close\" viewBox=\"0 0 512 512\" xmlns=\"http:\/\/www.w3.org\/2000\/svg\"><path d=\"M464 32H48C21.5 32 0 53.5 0 80v352c0 26.5 21.5 48 48 48h416c26.5 0 48-21.5 48-48V80c0-26.5-21.5-48-48-48zm-83.6 290.5c4.8 4.8 4.8 12.6 0 17.4l-40.5 40.5c-4.8 4.8-12.6 4.8-17.4 0L256 313.3l-66.5 67.1c-4.8 4.8-12.6 4.8-17.4 0l-40.5-40.5c-4.8-4.8-4.8-12.6 0-17.4l67.1-66.5-67.1-66.5c-4.8-4.8-4.8-12.6 0-17.4l40.5-40.5c4.8-4.8 12.6-4.8 17.4 0l66.5 67.1 66.5-67.1c4.8-4.8 12.6-4.8 17.4 0l40.5 40.5c4.8 4.8 4.8 12.6 0 17.4L313.3 256l67.1 66.5z\"><\/path><\/svg><\/span>\n\t\t\t\t<\/div>\n\t\t\t<ul id=\"menu-primary\" class=\"menu\"><li id=\"menu-item-14\" class=\"menu-item menu-item-type-custom menu-item-object-custom\"><a href=\"https:\/\/miniacboxingclub.fr\/index.php\/le_club\/\"><span class=\"menu-item-title\">Le Club<\/span><\/a><\/li>\n<li id=\"menu-item-15\" class=\"menu-item menu-item-type-custom menu-item-object-custom\"><a href=\"https:\/\/miniacboxingclub.fr\/index.php\/telechargements\/\"><span class=\"menu-item-title\">T\u00e9l\u00e9chargements<\/span><\/a><\/li>\n<li id=\"menu-item-17\" class=\"menu-item menu-item-type-custom menu-item-object-custom\"><a href=\"https:\/\/miniacboxingclub.fr\/?page_id=284\"><span class=\"menu-item-title\">Nos partenaires<\/span><\/a><\/li>\n<li id=\"menu-item-18\" class=\"menu-item menu-item-type-custom menu-item-object-custom\"><a href=\"https:\/\/miniacboxingclub.fr\/?page_id=286\"><span class=\"menu-item-title\">Contact<\/span><\/a><\/li>\n<\/ul><\/div><\/nav>\t\t\t\t<\/div>\n\t\t\t\t<\/div>\n\t\t\t\t<\/div>\n\t\t\t\t\t<\/div>\n\t\t\t\t<\/div>\n\t\t<div class=\"elementor-element elementor-element-6a4659a e-flex e-con-boxed wpr-particle-no wpr-jarallax-no wpr-parallax-no wpr-sticky-section-no e-con e-parent\" data-id=\"6a4659a\" data-element_type=\"container\" data-settings=\"{&quot;_ha_eqh_enable&quot;:false}\">\n\t\t\t\t\t<div class=\"e-con-inner\">\n\t\t\t\t<div class=\"elementor-element elementor-element-c46b5e6 elementor-widget elementor-widget-depicter_slider\" data-id=\"c46b5e6\" data-element_type=\"widget\" data-widget_type=\"depicter_slider.default\">\n\t\t\t\t<div class=\"elementor-widget-container\">\n\t\t\t\t\t<style id=\"depicter-17-inline-pre-css\">\n\n.depicter-17:not(.depicter-ready){\n\theight:750px;\n}\n\n\/***** Tablet *****\/\n@media screen and (max-width: 1024px){\n\n.depicter-17:not(.depicter-ready){\n\theight:700px;\n}\n\n}\n\/***** Mobile *****\/\n@media screen and (max-width: 767px){\n\n.depicter-17:not(.depicter-ready){\n\theight:740px;\n}\n\n}\n<\/style>\n<div id=\"depicter-17\" class=\"depicter depicter-document depicter-revert depicter-17 depicter-layout-fullwidth\">\n\n<div class=\"depicter-loading-container depicter-loading dotFlashing-dark\"><div class=\"depicter-loading-dark depicter-dot-flashing\">\n   <span><\/span>\n   <span><\/span>\n   <span><\/span>\n<\/div>\n<\/div>\n<div id=\"depicter-17-section-1\" class=\"depicter-section depicter-17-section-1\" data-name=\"Section 1\" data-type=\"section\" data-local-id=\"section-1\">\n<a href=\"1\">\n<picture data-animation-in=\"{'direction':'right','easing':'easeInOutQuart','duration':1600,'movement':{'value':0,'unit':'px'},'type':'move'}\" data-between-in-out=\"false\" id=\"depicter-17-element-2\" class=\"depicter-element depicter-layer depicter-17-element-2\" data-type=\"image\" data-wrap=\"true\" data-name=\"Image 1\" data-local-id=\"element-2\" data-offset=\"x:451px;y:45px;origin:tl\" data-tablet-offset=\"x:81px;y:32px;origin:tl\" data-mobile-offset=\"x:84px;y:227px;origin:tl\" data-width=\"819px,387px,188px\" data-height=\"90%,45.43%,152px\" data-responsive-scale=\"true,,\" data-crop=\"{'mediaSize':{'width':831,'height':678},'focalPoint':{'x':0.5,'y':0.5}}\" data-tablet-crop=\"{'mediaSize':{'width':390.64314606544565,'height':318.7890958824234},'focalPoint':{'x':0.5,'y':0.5}}\" data-mobile-crop=\"false\">\n<source data-depicter-srcset=\"https:\/\/miniacboxingclub.fr\/wp-content\/uploads\/2025\/08\/compagnie-deboucheurs-188x152.jpg, https:\/\/miniacboxingclub.fr\/wp-content\/uploads\/2025\/08\/compagnie-deboucheurs-376x304.jpg 2x\" srcset=\"data:image\/gif;base64,R0lGODlhAQABAIAAAAAAAP\/\/\/yH5BAEAAAAALAAAAAABAAEAAAIBRAA7\" media=\"(max-width: 767px)\" \/>\n\n<source data-depicter-srcset=\"https:\/\/miniacboxingclub.fr\/wp-content\/uploads\/2025\/08\/compagnie-deboucheurs-391x319.jpg, https:\/\/miniacboxingclub.fr\/wp-content\/uploads\/2025\/08\/compagnie-deboucheurs-782x638.jpg 2x\" srcset=\"data:image\/gif;base64,R0lGODlhAQABAIAAAAAAAP\/\/\/yH5BAEAAAAALAAAAAABAAEAAAIBRAA7\" media=\"(max-width: 1024px)\" \/>\n\n<source data-depicter-srcset=\"https:\/\/miniacboxingclub.fr\/wp-content\/uploads\/2025\/08\/compagnie-deboucheurs-831x678.jpg, https:\/\/miniacboxingclub.fr\/wp-content\/uploads\/2025\/08\/compagnie-deboucheurs-1662x1356.jpg 2x\" srcset=\"data:image\/gif;base64,R0lGODlhAQABAIAAAAAAAP\/\/\/yH5BAEAAAAALAAAAAABAAEAAAIBRAA7\" media=\"(min-width: 1025px)\" \/>\n<img decoding=\"async\" src=\"data:image\/gif;base64,R0lGODlhAQABAIAAAAAAAP\/\/\/yH5BAEAAAAALAAAAAABAAEAAAIBRAA7\" data-depicter-src=\"https:\/\/miniacboxingclub.fr\/wp-content\/uploads\/2025\/08\/compagnie-deboucheurs-831x678.jpg\" alt=\"\" \/>\n<\/picture>\n<\/a>\n<h3 data-animation-in=\"{'direction':'right','easing':'easeOutQuart','duration':1300,'movement':35,'delay':100,'type':'move'}\" data-between-in-out=\"false\" id=\"depicter-17-element-39\" class=\"depicter-element depicter-layer depicter-17-element-39\" data-type=\"text\" data-wrap=\"true\" data-name=\"Text 4\" data-local-id=\"element-39\" data-offset=\"x:41px;y:578px;origin:tl\" data-tablet-offset=\"x:674px;y:624px;origin:tl\" data-mobile-offset=\"x:-2px;y:433px;origin:tl\" data-width=\"590px,612px,100%\" data-height=\"auto,auto,auto\" data-responsive-scale=\"true,,\"> 02 57 64 06 32<\/h3>\n\n<h3 data-animation-in=\"{'direction':'right','easing':'easeOutQuart','duration':1300,'movement':35,'delay':100,'type':'move'}\" data-between-in-out=\"false\" id=\"depicter-17-element-40\" class=\"depicter-element depicter-layer depicter-17-element-40\" data-type=\"text\" data-wrap=\"true\" data-name=\"Text 5\" data-local-id=\"element-40\" data-offset=\"x:41px;y:448px;origin:tl\" data-tablet-offset=\"x:505px;y:507px;origin:tl\" data-mobile-offset=\"x:0px;y:498px;origin:tl\" data-width=\"590px,501px,100%\" data-height=\"auto,auto,auto\" data-responsive-scale=\"true,,\">28 Rue \u00c9lisabeth Vig\u00e9e <br>Le Brun<br>Saint-Malo<\/h3>\n<\/div>\n\n<div id=\"depicter-17-section-41\" class=\"depicter-section depicter-17-section-41\" data-name=\"Slide 6\" data-type=\"section\" data-local-id=\"section-41\">\n<h3 data-animation-in=\"{'direction':'right','easing':'easeOutQuart','duration':1300,'movement':35,'delay':100,'type':'move'}\" data-between-in-out=\"false\" id=\"depicter-17-element-43\" class=\"depicter-element depicter-layer depicter-17-element-43\" data-type=\"text\" data-wrap=\"true\" data-name=\"Text 6\" data-local-id=\"element-43\" data-offset=\"x:41px;y:578px;origin:tl\" data-tablet-offset=\"x:665px;y:646px;origin:tl\" data-mobile-offset=\"x:-2px;y:457px;origin:tl\" data-width=\"590px,576px,100%\" data-height=\"auto,auto,auto\" data-responsive-scale=\"true,,\">02 99 82 03 94<\/h3>\n\n<h3 data-animation-in=\"{'direction':'right','easing':'easeOutQuart','duration':1300,'movement':35,'delay':100,'type':'move'}\" data-between-in-out=\"false\" id=\"depicter-17-element-44\" class=\"depicter-element depicter-layer depicter-17-element-44\" data-type=\"text\" data-wrap=\"true\" data-name=\"Text 7\" data-local-id=\"element-44\" data-offset=\"x:41px;y:448px;origin:tl\" data-tablet-offset=\"x:499px;y:491px;origin:tl\" data-mobile-offset=\"x:-1px;y:322px;origin:tl\" data-width=\"590px,501px,100%\" data-height=\"auto,auto,auto\" data-responsive-scale=\"true,,\">44 Rue de la Ville es Cours<br>Saint-Malo<\/h3>\n\n<picture data-between-in-out=\"false\" data-mobile-animation-in=\"{'direction':'left','easing':'easeInOutExpo','duration':1800,'movement':0,'type':'move'}\" id=\"depicter-17-element-46\" class=\"depicter-element depicter-layer depicter-17-element-46\" data-type=\"image\" data-wrap=\"true\" data-name=\"Image 15\" data-local-id=\"element-46\" data-offset=\"x:349px;y:203px;origin:tl\" data-tablet-offset=\"x:89px;y:58px;origin:tl\" data-mobile-offset=\"x:15px;y:252px;origin:tl\" data-width=\"918px,918px,330px\" data-height=\"114px,114px,38px\" data-responsive-scale=\"true,,\" data-crop=\"false\">\n<source data-depicter-srcset=\"https:\/\/miniacboxingclub.fr\/wp-content\/uploads\/2025\/08\/renov-habitation-330x38.webp, https:\/\/miniacboxingclub.fr\/wp-content\/uploads\/2025\/08\/renov-habitation-660x76.webp 2x\" srcset=\"data:image\/gif;base64,R0lGODlhAQABAIAAAAAAAP\/\/\/yH5BAEAAAAALAAAAAABAAEAAAIBRAA7\" media=\"(max-width: 767px)\" \/>\n\n<source data-depicter-srcset=\"https:\/\/miniacboxingclub.fr\/wp-content\/uploads\/2025\/08\/renov-habitation-918x114.webp, https:\/\/miniacboxingclub.fr\/wp-content\/uploads\/2025\/08\/renov-habitation-1836x228.webp 2x\" srcset=\"data:image\/gif;base64,R0lGODlhAQABAIAAAAAAAP\/\/\/yH5BAEAAAAALAAAAAABAAEAAAIBRAA7\" media=\"(min-width: 768px)\" \/>\n<img decoding=\"async\" src=\"data:image\/gif;base64,R0lGODlhAQABAIAAAAAAAP\/\/\/yH5BAEAAAAALAAAAAABAAEAAAIBRAA7\" data-depicter-src=\"https:\/\/miniacboxingclub.fr\/wp-content\/uploads\/2025\/08\/renov-habitation-918x114.webp\" alt=\"\" \/>\n<\/picture><\/div>\n\n<div id=\"depicter-17-section-47\" class=\"depicter-section depicter-17-section-47\" data-name=\"Slide 7\" data-type=\"section\" data-local-id=\"section-47\">\n<h3 data-animation-in=\"{'direction':'right','easing':'easeOutQuart','duration':1300,'movement':35,'delay':100,'type':'move'}\" data-between-in-out=\"false\" id=\"depicter-17-element-49\" class=\"depicter-element depicter-layer depicter-17-element-49\" data-type=\"text\" data-wrap=\"true\" data-name=\"Text 8\" data-local-id=\"element-49\" data-offset=\"x:41px;y:578px;origin:tl\" data-tablet-offset=\"x:421px;y:625px;origin:tl\" data-mobile-offset=\"x:0px;y:462px;origin:tl\" data-width=\"590px,596px,100%\" data-height=\"auto,auto,auto\" data-responsive-scale=\"true,,\">06 48 98 38 00<\/h3>\n\n<h3 data-animation-in=\"{'direction':'right','easing':'easeOutQuart','duration':1300,'movement':35,'delay':100,'type':'move'}\" data-between-in-out=\"false\" id=\"depicter-17-element-50\" class=\"depicter-element depicter-layer depicter-17-element-50\" data-type=\"text\" data-wrap=\"true\" data-name=\"Text 9\" data-local-id=\"element-50\" data-offset=\"x:41px;y:530px;origin:tl\" data-tablet-offset=\"x:516px;y:562px;origin:tl\" data-mobile-offset=\"x:0px;y:403px;origin:tl\" data-width=\"590px,501px,100%\" data-height=\"auto,auto,auto\" data-responsive-scale=\"true,,\">Menuiserie<\/h3>\n\n<picture data-between-in-out=\"false\" data-mobile-animation-in=\"{'direction':'left','easing':'easeInOutExpo','duration':1800,'movement':0,'type':'move'}\" id=\"depicter-17-element-52\" class=\"depicter-element depicter-layer depicter-17-element-52\" data-type=\"image\" data-wrap=\"true\" data-name=\"Image 18\" data-local-id=\"element-52\" data-offset=\"x:451px;y:375px;origin:tl\" data-tablet-offset=\"x:103px;y:46px;origin:tl\" data-mobile-offset=\"x:47px;y:272px;origin:tl\" data-width=\"819px,819px,266px\" data-height=\"304px,304px,98px\" data-responsive-scale=\"true,,\" data-crop=\"false\">\n<source data-depicter-srcset=\"https:\/\/miniacboxingclub.fr\/wp-content\/uploads\/2025\/08\/Nuances-Bois-266x98.jpg, https:\/\/miniacboxingclub.fr\/wp-content\/uploads\/2025\/08\/Nuances-Bois-532x196.jpg 2x\" srcset=\"data:image\/gif;base64,R0lGODlhAQABAIAAAAAAAP\/\/\/yH5BAEAAAAALAAAAAABAAEAAAIBRAA7\" media=\"(max-width: 767px)\" \/>\n\n<source data-depicter-srcset=\"https:\/\/miniacboxingclub.fr\/wp-content\/uploads\/2025\/08\/Nuances-Bois-819x304.jpg, https:\/\/miniacboxingclub.fr\/wp-content\/uploads\/2025\/08\/Nuances-Bois-1638x608.jpg 2x\" srcset=\"data:image\/gif;base64,R0lGODlhAQABAIAAAAAAAP\/\/\/yH5BAEAAAAALAAAAAABAAEAAAIBRAA7\" media=\"(min-width: 768px)\" \/>\n<img decoding=\"async\" src=\"data:image\/gif;base64,R0lGODlhAQABAIAAAAAAAP\/\/\/yH5BAEAAAAALAAAAAABAAEAAAIBRAA7\" data-depicter-src=\"https:\/\/miniacboxingclub.fr\/wp-content\/uploads\/2025\/08\/Nuances-Bois-819x304.jpg\" alt=\"\" \/>\n<\/picture><\/div>\n\n<div id=\"depicter-17-section-53\" class=\"depicter-section depicter-17-section-53\" data-name=\"Slide 8\" data-type=\"section\" data-local-id=\"section-53\">\n<h3 data-animation-in=\"{'direction':'right','easing':'easeOutQuart','duration':1300,'movement':35,'delay':100,'type':'move'}\" data-between-in-out=\"false\" id=\"depicter-17-element-55\" class=\"depicter-element depicter-layer depicter-17-element-55\" data-type=\"text\" data-wrap=\"true\" data-name=\"Text 10\" data-local-id=\"element-55\" data-offset=\"x:41px;y:578px;origin:tl\" data-tablet-offset=\"x:510px;y:646px;origin:tl\" data-mobile-offset=\"x:-1px;y:466px;origin:tl\" data-width=\"590px,501px,100%\" data-height=\"auto,auto,auto\" data-responsive-scale=\"true,,\">06 08 22 66 11<\/h3>\n\n<picture data-between-in-out=\"false\" data-mobile-animation-in=\"{'direction':'left','easing':'easeInOutExpo','duration':1800,'movement':0,'type':'move'}\" id=\"depicter-17-element-57\" class=\"depicter-element depicter-layer depicter-17-element-57\" data-type=\"image\" data-wrap=\"true\" data-name=\"Image 20\" data-local-id=\"element-57\" data-offset=\"x:121px;y:90px;origin:tl\" data-tablet-offset=\"x:173px;y:51px;origin:tl\" data-mobile-offset=\"x:0px;y:270px;origin:tl\" data-width=\"1075px,662px,358px\" data-height=\"376px,231px,125px\" data-responsive-scale=\"true,,\" data-crop=\"false\">\n<source data-depicter-srcset=\"https:\/\/miniacboxingclub.fr\/wp-content\/uploads\/2025\/08\/LOGO-EC-2024-signatures_Plan-de-travail-1-358x125.jpg, https:\/\/miniacboxingclub.fr\/wp-content\/uploads\/2025\/08\/LOGO-EC-2024-signatures_Plan-de-travail-1-716x250.jpg 2x\" srcset=\"data:image\/gif;base64,R0lGODlhAQABAIAAAAAAAP\/\/\/yH5BAEAAAAALAAAAAABAAEAAAIBRAA7\" media=\"(max-width: 767px)\" \/>\n\n<source data-depicter-srcset=\"https:\/\/miniacboxingclub.fr\/wp-content\/uploads\/2025\/08\/LOGO-EC-2024-signatures_Plan-de-travail-1-662x231.jpg, https:\/\/miniacboxingclub.fr\/wp-content\/uploads\/2025\/08\/LOGO-EC-2024-signatures_Plan-de-travail-1-1324x462.jpg 2x\" srcset=\"data:image\/gif;base64,R0lGODlhAQABAIAAAAAAAP\/\/\/yH5BAEAAAAALAAAAAABAAEAAAIBRAA7\" media=\"(max-width: 1024px)\" \/>\n\n<source data-depicter-srcset=\"https:\/\/miniacboxingclub.fr\/wp-content\/uploads\/2025\/08\/LOGO-EC-2024-signatures_Plan-de-travail-1-1075x376.jpg, https:\/\/miniacboxingclub.fr\/wp-content\/uploads\/2025\/08\/LOGO-EC-2024-signatures_Plan-de-travail-1-2150x752.jpg 2x\" srcset=\"data:image\/gif;base64,R0lGODlhAQABAIAAAAAAAP\/\/\/yH5BAEAAAAALAAAAAABAAEAAAIBRAA7\" media=\"(min-width: 1025px)\" \/>\n<img decoding=\"async\" src=\"data:image\/gif;base64,R0lGODlhAQABAIAAAAAAAP\/\/\/yH5BAEAAAAALAAAAAABAAEAAAIBRAA7\" data-depicter-src=\"https:\/\/miniacboxingclub.fr\/wp-content\/uploads\/2025\/08\/LOGO-EC-2024-signatures_Plan-de-travail-1-1075x376.jpg\" alt=\"\" \/>\n<\/picture>\n<h3 data-animation-in=\"{'direction':'right','easing':'easeOutQuart','duration':1300,'movement':35,'delay':100,'type':'move'}\" data-between-in-out=\"false\" id=\"depicter-17-element-58\" class=\"depicter-element depicter-layer depicter-17-element-58\" data-type=\"text\" data-wrap=\"true\" data-name=\"Text 12\" data-local-id=\"element-58\" data-offset=\"x:41px;y:526px;origin:tl\" data-tablet-offset=\"x:59px;y:570px;origin:tl\" data-mobile-offset=\"x:7px;y:534px;origin:tl\" data-width=\"590px,952px,96.11%\" data-height=\"auto,auto,auto\" data-responsive-scale=\"true,,\">contact@emeraudecourtage.fr<\/h3>\n<\/div>\n<\/div>\n<script>\n(window.depicterSetups = window.depicterSetups || []).push(function(){\n\tDepicter.basePath = 'https:\/\/miniacboxingclub.fr\/wp-content\/plugins\/depicter\/resources\/scripts\/player\/';\n\tconst dpPlayer = Depicter.setup('.depicter-17',\n\t\t{\"width\":[\"1300\",\"1024\",\"360\"],\"height\":[\"750\",\"700\",\"740\"],\"view\":\"basic\",\"keepAspectRatio\":true,\"preload\":0,\"layout\":\"fullwidth\",\"rtl\":false,\"initAfterAppear\":false,\"ajaxApiUrl\":\"https:\\\/\\\/miniacboxingclub.fr\\\/wp-admin\\\/admin-ajax.php\",\"mouseSwipe\":true,\"touchSwipe\":true,\"useWatermark\":false}\n\t);\n});\n<\/script>\t\t\t\t<\/div>\n\t\t\t\t<\/div>\n\t\t\t\t\t<\/div>\n\t\t\t\t<\/div>\n\t\t\t\t<\/div>\n\t\t","protected":false},"excerpt":{"rendered":"<p>Le Club T\u00e9l\u00e9chargements Nos partenaires Contact 02 57 64 06 32 28 Rue \u00c9lisabeth Vig\u00e9e Le BrunSaint-Malo 02 99 82 03 94 44 Rue de la Ville es CoursSaint-Malo 06 48 98 38 00 Menuiserie 06 08 22 66 11 contact@emeraudecourtage.fr<\/p>\n","protected":false},"author":1,"featured_media":0,"parent":0,"menu_order":0,"comment_status":"closed","ping_status":"closed","template":"","meta":{"footnotes":""},"class_list":["post-284","page","type-page","status-publish","hentry"],"_links":{"self":[{"href":"https:\/\/miniacboxingclub.fr\/index.php\/wp-json\/wp\/v2\/pages\/284","targetHints":{"allow":["GET"]}}],"collection":[{"href":"https:\/\/miniacboxingclub.fr\/index.php\/wp-json\/wp\/v2\/pages"}],"about":[{"href":"https:\/\/miniacboxingclub.fr\/index.php\/wp-json\/wp\/v2\/types\/page"}],"author":[{"embeddable":true,"href":"https:\/\/miniacboxingclub.fr\/index.php\/wp-json\/wp\/v2\/users\/1"}],"replies":[{"embeddable":true,"href":"https:\/\/miniacboxingclub.fr\/index.php\/wp-json\/wp\/v2\/comments?post=284"}],"version-history":[{"count":16,"href":"https:\/\/miniacboxingclub.fr\/index.php\/wp-json\/wp\/v2\/pages\/284\/revisions"}],"predecessor-version":[{"id":427,"href":"https:\/\/miniacboxingclub.fr\/index.php\/wp-json\/wp\/v2\/pages\/284\/revisions\/427"}],"wp:attachment":[{"href":"https:\/\/miniacboxingclub.fr\/index.php\/wp-json\/wp\/v2\/media?parent=284"}],"curies":[{"name":"wp","href":"https:\/\/api.w.org\/{rel}","templated":true}]}}